{"id":1158,"date":"2019-10-16T21:45:03","date_gmt":"2019-10-16T21:45:03","guid":{"rendered":"https:\/\/secofis.com\/sitio\/?page_id=1158"},"modified":"2022-07-17T22:13:24","modified_gmt":"2022-07-17T22:13:24","slug":"modulo-de-contabilidad","status":"publish","type":"page","link":"https:\/\/secofis.com\/sitio\/modulo-de-contabilidad\/","title":{"rendered":"Modulo de Contabilidad"},"content":{"rendered":"<p>[et_pb_section fb_built=\u00bb1&#8243; admin_label=\u00bbHero\u00bb _builder_version=\u00bb3.29.3&#8243; use_background_color_gradient=\u00bbon\u00bb background_color_gradient_start=\u00bb#8834fd\u00bb background_color_gradient_end=\u00bb#43bcbc\u00bb background_color_gradient_direction=\u00bb60deg\u00bb custom_padding=\u00bb100px|0px|100px|0px\u00bb global_colors_info=\u00bb{}\u00bb][et_pb_row column_structure=\u00bb1_2,1_2&#8243; _builder_version=\u00bb3.25&#8243; custom_padding=\u00bb|||\u00bb global_colors_info=\u00bb{}\u00bb][et_pb_column type=\u00bb1_2&#8243; _builder_version=\u00bb3.25&#8243; custom_padding=\u00bb||60px|\u00bb global_colors_info=\u00bb{}\u00bb custom_padding__hover=\u00bb|||\u00bb][et_pb_text _builder_version=\u00bb3.29.3&#8243; text_font=\u00bbOpen Sans|600|||||||\u00bb text_font_size=\u00bb16px\u00bb text_line_height=\u00bb1.8em\u00bb header_font=\u00bbOswald||||||||\u00bb header_font_size=\u00bb36px\u00bb header_line_height=\u00bb1.4em\u00bb header_2_font=\u00bbOswald||||||||\u00bb text_orientation=\u00bbjustified\u00bb background_layout=\u00bbdark\u00bb max_width=\u00bb550px\u00bb global_colors_info=\u00bb{}\u00bb]<\/p>\n<h1>Modulo de Contabilidad<\/h1>\n<p><span>El m\u00f3dulo de contabilidad est\u00e1 dise\u00f1ado para que puedas personalizarlo en cuanto a la nomenclatura contable. Adem\u00e1s usted solamente tendr\u00e1 que ingresar sus partidas de diario y el sistema le dar\u00e1 todos los reportes tales como balances, mayor, Estado de Resultados y Otros.<\/span><\/p>\n<p>[\/et_pb_text][\/et_pb_column][et_pb_column type=\u00bb1_2&#8243; _builder_version=\u00bb3.25&#8243; custom_padding=\u00bb|||\u00bb global_colors_info=\u00bb{}\u00bb custom_padding__hover=\u00bb|||\u00bb][et_pb_image src=\u00bbhttps:\/\/secofis.com\/sitio\/wp-content\/uploads\/2019\/10\/Contabilidad-1.png\u00bb show_bottom_space=\u00bboff\u00bb align=\u00bbcenter\u00bb force_fullwidth=\u00bbon\u00bb align_tablet=\u00bbcenter\u00bb align_phone=\u00bb\u00bb align_last_edited=\u00bbon|desktop\u00bb _builder_version=\u00bb3.29.3&#8243; transform_scale_tablet=\u00bb\u00bb transform_scale_phone=\u00bb\u00bb transform_scale_last_edited=\u00bbon|desktop\u00bb transform_translate=\u00bb0px|-35px\u00bb transform_translate_tablet=\u00bb\u00bb transform_translate_phone=\u00bb\u00bb transform_translate_last_edited=\u00bbon|desktop\u00bb transform_rotate_tablet=\u00bb\u00bb transform_rotate_phone=\u00bb\u00bb transform_rotate_last_edited=\u00bbon|desktop\u00bb transform_skew_tablet=\u00bb\u00bb transform_skew_phone=\u00bb\u00bb transform_skew_last_edited=\u00bbon|desktop\u00bb transform_origin_tablet=\u00bb\u00bb transform_origin_phone=\u00bb\u00bb transform_origin_last_edited=\u00bbon|desktop\u00bb transform_styles_last_edited=\u00bbon|desktop\u00bb animation_style=\u00bbslide\u00bb animation_direction=\u00bbleft\u00bb animation_intensity_slide=\u00bb10%\u00bb transform_styles_tablet=\u00bb\u00bb transform_styles_phone=\u00bb\u00bb global_colors_info=\u00bb{}\u00bb][\/et_pb_image][\/et_pb_column][\/et_pb_row][\/et_pb_section][et_pb_section fb_built=\u00bb1&#8243; admin_label=\u00bbFeatures\u00bb _builder_version=\u00bb3.22&#8243; custom_padding=\u00bb100px|0px|100px|0px\u00bb global_colors_info=\u00bb{}\u00bb][et_pb_row column_structure=\u00bb1_3,1_3,1_3&#8243; _builder_version=\u00bb4.14.7&#8243; custom_margin=\u00bb|201px||auto||\u00bb hover_enabled=\u00bb0&#8243; global_colors_info=\u00bb{}\u00bb module_alignment=\u00bbcenter\u00bb sticky_enabled=\u00bb0&#8243;][et_pb_column type=\u00bb1_3&#8243; _builder_version=\u00bb3.25&#8243; custom_padding=\u00bb|||\u00bb global_colors_info=\u00bb{}\u00bb custom_padding__hover=\u00bb|||\u00bb][et_pb_blurb title=\u00bbReporte del cash flow\u00bb image_icon_width=\u00bb4rem\u00bb _builder_version=\u00bb4.14.7&#8243; header_font=\u00bbOswald|600||on|||||\u00bb header_font_size=\u00bb14px\u00bb header_line_height=\u00bb1.4em\u00bb body_font=\u00bbWork Sans||||||||\u00bb body_text_color=\u00bb#666666&#8243; body_font_size=\u00bb16px\u00bb body_line_height=\u00bb1.8em\u00bb text_orientation=\u00bbcenter\u00bb custom_padding=\u00bb||||false|false\u00bb animation_style=\u00bbfade\u00bb animation=\u00bboff\u00bb border_color_all_image=\u00bbrgba(0,0,0,0.1)\u00bb image_max_width=\u00bb50%\u00bb global_colors_info=\u00bb{}\u00bb use_icon=\u00bbon\u00bb font_icon=\u00bb&#xf4c0;||fa||900&#8243; sticky_enabled=\u00bb0&#8243; icon_color=\u00bb#666666&#8243; hover_enabled=\u00bb0&#8243;]<\/p>\n<p>Te permite generar un reporte del movimiento del efectivo en base a la cuenta de ingresos y egresos.<\/p>\n<p>[\/et_pb_blurb][\/et_pb_column][et_pb_column type=\u00bb1_3&#8243; _builder_version=\u00bb3.25&#8243; custom_padding=\u00bb|||\u00bb global_colors_info=\u00bb{}\u00bb custom_padding__hover=\u00bb|||\u00bb][et_pb_blurb title=\u00bb Manejo de hasta nueve niveles \u00bb image_icon_width=\u00bb4rem\u00bb _builder_version=\u00bb4.14.7&#8243; header_font=\u00bbOswald|600||on|||||\u00bb header_font_size=\u00bb14px\u00bb header_line_height=\u00bb1.4em\u00bb body_font=\u00bbWork Sans||||||||\u00bb body_text_color=\u00bb#666666&#8243; body_font_size=\u00bb16px\u00bb body_line_height=\u00bb1.8em\u00bb text_orientation=\u00bbcenter\u00bb custom_padding=\u00bb||||false|false\u00bb animation_style=\u00bbfade\u00bb animation=\u00bboff\u00bb hover_enabled=\u00bb0&#8243; border_color_all_image=\u00bbrgba(0,0,0,0.1)\u00bb image_max_width=\u00bb50%\u00bb global_colors_info=\u00bb{}\u00bb use_icon=\u00bbon\u00bb font_icon=\u00bb&#xf5fd;||fa||900&#8243; sticky_enabled=\u00bb0&#8243; icon_color=\u00bb#666666&#8243;]<\/p>\n<p>Te permite manejar nueve niveles en las cuentas con un m\u00e1ximo de 10 d\u00edgitos por cuentas.<\/p>\n<p>[\/et_pb_blurb][\/et_pb_column][et_pb_column type=\u00bb1_3&#8243; _builder_version=\u00bb3.25&#8243; custom_padding=\u00bb|||\u00bb global_colors_info=\u00bb{}\u00bb custom_padding__hover=\u00bb|||\u00bb][et_pb_blurb title=\u00bbControl de usuarios\u00bb image_icon_width=\u00bb4rem\u00bb _builder_version=\u00bb4.14.7&#8243; header_font=\u00bbOswald|600||on|||||\u00bb header_font_size=\u00bb14px\u00bb header_line_height=\u00bb1.4em\u00bb body_font=\u00bbWork Sans||||||||\u00bb body_text_color=\u00bb#666666&#8243; body_font_size=\u00bb16px\u00bb body_line_height=\u00bb1.8em\u00bb text_orientation=\u00bbcenter\u00bb custom_padding=\u00bb||||false|false\u00bb animation_style=\u00bbfade\u00bb animation=\u00bboff\u00bb hover_enabled=\u00bb0&#8243; border_color_all_image=\u00bbrgba(0,0,0,0.1)\u00bb image_max_width=\u00bb50%\u00bb locked=\u00bboff\u00bb global_colors_info=\u00bb{}\u00bb use_icon=\u00bbon\u00bb font_icon=\u00bb&#xe08a;||divi||400&#8243; sticky_enabled=\u00bb0&#8243; icon_color=\u00bb#666666&#8243;]<\/p>\n<p>Te permite controlar los usuarios que tienen acceso a esta informaci\u00f3n y los permisos que cada uno tendra. Contador general y auxiliares<\/p>\n<p>[\/et_pb_blurb][\/et_pb_column][\/et_pb_row][\/et_pb_section][et_pb_section fb_built=\u00bb1&#8243; _builder_version=\u00bb3.22&#8243; background_color=\u00bb#fafafc\u00bb module_alignment=\u00bbcenter\u00bb custom_padding=\u00bb30px|0px|29px|0px||\u00bb global_colors_info=\u00bb{}\u00bb][et_pb_row module_class=\u00bb et_pb_row_fullwidth\u00bb _builder_version=\u00bb3.25&#8243; width=\u00bb89%\u00bb width_tablet=\u00bb80%\u00bb width_phone=\u00bb\u00bb width_last_edited=\u00bbon|desktop\u00bb max_width=\u00bb89%\u00bb max_width_tablet=\u00bb80%\u00bb max_width_phone=\u00bb\u00bb max_width_last_edited=\u00bbon|desktop\u00bb make_fullwidth=\u00bbon\u00bb global_colors_info=\u00bb{}\u00bb][et_pb_column type=\u00bb4_4&#8243; _builder_version=\u00bb3.25&#8243; custom_padding=\u00bb|||\u00bb global_colors_info=\u00bb{}\u00bb custom_padding__hover=\u00bb|||\u00bb][et_pb_text ul_type=\u00bbsquare\u00bb _builder_version=\u00bb4.14.7&#8243; text_font=\u00bbWork Sans||||||||\u00bb text_text_color=\u00bb#666666&#8243; text_font_size=\u00bb16px\u00bb text_line_height=\u00bb1.8em\u00bb ul_font_size=\u00bb17px\u00bb ul_line_height=\u00bb1.9em\u00bb header_font=\u00bb||||||||\u00bb header_2_font=\u00bbOswald||||||||\u00bb header_2_font_size=\u00bb28px\u00bb header_2_line_height=\u00bb1.4em\u00bb header_3_font=\u00bb||||||||\u00bb max_width=\u00bb550px\u00bb module_alignment=\u00bbcenter\u00bb hover_enabled=\u00bb0&#8243; locked=\u00bboff\u00bb global_colors_info=\u00bb{}\u00bb header_2_text_align=\u00bbcenter\u00bb sticky_enabled=\u00bb0&#8243;]<\/p>\n<h2>Otras Caracter\u00edsticas<\/h2>\n<p>&nbsp;<\/p>\n<ul>\n<li>Ingreso de Partidas Contables.<\/li>\n<li>\u00a0Generaci\u00f3n de Reportes partiendo de las partidas contables, tales como Diario, Mayor, Balance de Saldos,<\/li>\n<li>Balance General, Estado de Resultados.<\/li>\n<li>Adicionalmente a esto, el M\u00f3dulo de Contabilidad, puede enlazarse a cualquiera de los otros m\u00f3dulos para que se emitan las partidas contables de una forma autom\u00e1tica a los movimientos.<\/li>\n<\/ul>\n<p>[\/et_pb_text][\/et_pb_column][\/et_pb_row][\/et_pb_section][et_pb_section fb_built=\u00bb1&#8243; admin_label=\u00bbDownload Now\u00bb module_id=\u00bbcontacto\u00bb _builder_version=\u00bb3.29.3&#8243; use_background_color_gradient=\u00bbon\u00bb background_color_gradient_start=\u00bb#8834fd\u00bb background_color_gradient_end=\u00bb#43bcbc\u00bb background_color_gradient_direction=\u00bb60deg\u00bb height=\u00bb746px\u00bb custom_padding=\u00bb0px|0px|0px|0px|false|false\u00bb global_module=\u00bb1148&#8243; saved_tabs=\u00bball\u00bb locked=\u00bboff\u00bb global_colors_info=\u00bb{}\u00bb][et_pb_row column_structure=\u00bb1_2,1_2&#8243; module_id=\u00bbcontacto\u00bb _builder_version=\u00bb3.29.3&#8243; custom_padding=\u00bb0px||0px||false|false\u00bb global_colors_info=\u00bb{}\u00bb][et_pb_column type=\u00bb1_2&#8243; _builder_version=\u00bb3.25&#8243; custom_padding=\u00bb120px||120px|\u00bb global_colors_info=\u00bb{}\u00bb custom_padding__hover=\u00bb|||\u00bb][et_pb_text _builder_version=\u00bb3.29.3&#8243; text_font=\u00bbWork Sans||||||||\u00bb text_font_size=\u00bb16px\u00bb text_line_height=\u00bb1.8em\u00bb header_font=\u00bb||||||||\u00bb header_2_font=\u00bbOswald||||||||\u00bb header_2_font_size=\u00bb28px\u00bb header_2_line_height=\u00bb1.4em\u00bb header_3_font=\u00bb||||||||\u00bb background_layout=\u00bbdark\u00bb max_width=\u00bb700px\u00bb module_alignment=\u00bbcenter\u00bb global_colors_info=\u00bb{}\u00bb]<\/p>\n<h2>Escr\u00edbenos<\/h2>\n<p>Escribe un mensaje o contactanos a trav\u00e9s de nuestras redes sociales y con gusto te brindaremos mayor informaci\u00f3n de Secofis ERP<\/p>\n<p>[\/et_pb_text][et_pb_contact_form email=\u00bbservicioalcliente@ssiguatemala.com\u00bb custom_message=\u00bbNombre: %%Name%%||et_pb_line_break_holder||Tel\u00e9fono: %%phone%%||et_pb_line_break_holder||Email: %%Email%%||et_pb_line_break_holder||Mensaje: %%Message%%\u00bb _builder_version=\u00bb4.14.7&#8243; _unique_id=\u00bb68e505f3-9325-43ca-ab54-2932c9bdb900&#8243; form_field_background_color=\u00bbrgba(0,0,0,0.26)\u00bb form_field_text_color=\u00bb#FFFFFF\u00bb form_field_focus_background_color=\u00bbrgba(12,113,195,0.38)\u00bb form_field_focus_text_color=\u00bb#FFFFFF\u00bb captcha_font=\u00bbOswald||||||||\u00bb captcha_text_color=\u00bb#FFFFFF\u00bb form_field_font=\u00bbWork Sans||||||||\u00bb custom_button=\u00bbon\u00bb button_text_color=\u00bb#FFFFFF\u00bb button_bg_color=\u00bbrgba(0,0,0,0.26)\u00bb global_colors_info=\u00bb{}\u00bb][et_pb_contact_field field_id=\u00bbName\u00bb field_title=\u00bbNombre\u00bb _builder_version=\u00bb3.16&#8243; global_colors_info=\u00bb{}\u00bb button_text_size__hover_enabled=\u00bboff\u00bb button_one_text_size__hover_enabled=\u00bboff\u00bb button_two_text_size__hover_enabled=\u00bboff\u00bb button_text_color__hover_enabled=\u00bboff\u00bb button_one_text_color__hover_enabled=\u00bboff\u00bb button_two_text_color__hover_enabled=\u00bboff\u00bb button_border_width__hover_enabled=\u00bboff\u00bb button_one_border_width__hover_enabled=\u00bboff\u00bb button_two_border_width__hover_enabled=\u00bboff\u00bb button_border_color__hover_enabled=\u00bboff\u00bb button_one_border_color__hover_enabled=\u00bboff\u00bb button_two_border_color__hover_enabled=\u00bboff\u00bb button_border_radius__hover_enabled=\u00bboff\u00bb button_one_border_radius__hover_enabled=\u00bboff\u00bb button_two_border_radius__hover_enabled=\u00bboff\u00bb button_letter_spacing__hover_enabled=\u00bboff\u00bb button_one_letter_spacing__hover_enabled=\u00bboff\u00bb button_two_letter_spacing__hover_enabled=\u00bboff\u00bb button_bg_color__hover_enabled=\u00bboff\u00bb button_one_bg_color__hover_enabled=\u00bboff\u00bb button_two_bg_color__hover_enabled=\u00bboff\u00bb][\/et_pb_contact_field][et_pb_contact_field field_id=\u00bbEmail\u00bb field_title=\u00bbDirecci\u00f3n de correo electr\u00f3nico\u00bb field_type=\u00bbemail\u00bb _builder_version=\u00bb3.16&#8243; global_colors_info=\u00bb{}\u00bb button_text_size__hover_enabled=\u00bboff\u00bb button_one_text_size__hover_enabled=\u00bboff\u00bb button_two_text_size__hover_enabled=\u00bboff\u00bb button_text_color__hover_enabled=\u00bboff\u00bb button_one_text_color__hover_enabled=\u00bboff\u00bb button_two_text_color__hover_enabled=\u00bboff\u00bb button_border_width__hover_enabled=\u00bboff\u00bb button_one_border_width__hover_enabled=\u00bboff\u00bb button_two_border_width__hover_enabled=\u00bboff\u00bb button_border_color__hover_enabled=\u00bboff\u00bb button_one_border_color__hover_enabled=\u00bboff\u00bb button_two_border_color__hover_enabled=\u00bboff\u00bb button_border_radius__hover_enabled=\u00bboff\u00bb button_one_border_radius__hover_enabled=\u00bboff\u00bb button_two_border_radius__hover_enabled=\u00bboff\u00bb button_letter_spacing__hover_enabled=\u00bboff\u00bb button_one_letter_spacing__hover_enabled=\u00bboff\u00bb button_two_letter_spacing__hover_enabled=\u00bboff\u00bb button_bg_color__hover_enabled=\u00bboff\u00bb button_one_bg_color__hover_enabled=\u00bboff\u00bb button_two_bg_color__hover_enabled=\u00bboff\u00bb][\/et_pb_contact_field][et_pb_contact_field field_id=\u00bbMessage\u00bb field_title=\u00bbMensaje\u00bb field_type=\u00bbtext\u00bb fullwidth_field=\u00bbon\u00bb _builder_version=\u00bb3.16&#8243; global_colors_info=\u00bb{}\u00bb button_text_size__hover_enabled=\u00bboff\u00bb button_one_text_size__hover_enabled=\u00bboff\u00bb button_two_text_size__hover_enabled=\u00bboff\u00bb button_text_color__hover_enabled=\u00bboff\u00bb button_one_text_color__hover_enabled=\u00bboff\u00bb button_two_text_color__hover_enabled=\u00bboff\u00bb button_border_width__hover_enabled=\u00bboff\u00bb button_one_border_width__hover_enabled=\u00bboff\u00bb button_two_border_width__hover_enabled=\u00bboff\u00bb button_border_color__hover_enabled=\u00bboff\u00bb button_one_border_color__hover_enabled=\u00bboff\u00bb button_two_border_color__hover_enabled=\u00bboff\u00bb button_border_radius__hover_enabled=\u00bboff\u00bb button_one_border_radius__hover_enabled=\u00bboff\u00bb button_two_border_radius__hover_enabled=\u00bboff\u00bb button_letter_spacing__hover_enabled=\u00bboff\u00bb button_one_letter_spacing__hover_enabled=\u00bboff\u00bb button_two_letter_spacing__hover_enabled=\u00bboff\u00bb button_bg_color__hover_enabled=\u00bboff\u00bb button_one_bg_color__hover_enabled=\u00bboff\u00bb button_two_bg_color__hover_enabled=\u00bboff\u00bb][\/et_pb_contact_field][et_pb_contact_field field_id=\u00bbphone\u00bb field_title=\u00bbN\u00famero de Tel\u00e9fono\u00bb min_length=\u00bb8&#8243; max_length=\u00bb12&#8243; allowed_symbols=\u00bbnumbers\u00bb fullwidth_field=\u00bbon\u00bb _builder_version=\u00bb4.14.7&#8243; text_orientation=\u00bbleft\u00bb global_colors_info=\u00bb{}\u00bb][\/et_pb_contact_field][\/et_pb_contact_form][\/et_pb_column][et_pb_column type=\u00bb1_2&#8243; _builder_version=\u00bb3.25&#8243; custom_padding=\u00bb|||\u00bb global_colors_info=\u00bb{}\u00bb custom_padding__hover=\u00bb|||\u00bb][et_pb_image src=\u00bbhttps:\/\/secofis.com\/sitio\/wp-content\/uploads\/2019\/10\/phone-bottom-crop-1.png\u00bb show_bottom_space=\u00bboff\u00bb disabled_on=\u00bbon|on|off\u00bb _builder_version=\u00bb4.14.7&#8243; transform_scale_last_edited=\u00bboff|desktop\u00bb transform_translate=\u00bb0px|147px\u00bb transform_translate_last_edited=\u00bboff|desktop\u00bb transform_translate_linked=\u00bboff\u00bb transform_rotate_last_edited=\u00bboff|desktop\u00bb transform_skew_last_edited=\u00bboff|desktop\u00bb transform_origin_last_edited=\u00bboff|desktop\u00bb transform_styles_last_edited=\u00bboff|desktop\u00bb max_width=\u00bb400px\u00bb module_alignment=\u00bbcenter\u00bb filter_hue_rotate=\u00bb295deg\u00bb filter_saturate=\u00bb87%\u00bb animation_style=\u00bbslide\u00bb animation_direction=\u00bbleft\u00bb animation_intensity_slide=\u00bb10%\u00bb always_center_on_mobile=\u00bboff\u00bb global_colors_info=\u00bb{}\u00bb][\/et_pb_image][\/et_pb_column][\/et_pb_row][\/et_pb_section]<\/p>\n","protected":false},"excerpt":{"rendered":"<p>Modulo de Contabilidad El m\u00f3dulo de contabilidad est\u00e1 dise\u00f1ado para que puedas personalizarlo en cuanto a la nomenclatura contable. Adem\u00e1s usted solamente tendr\u00e1 que ingresar sus partidas de diario y el sistema le dar\u00e1 todos los reportes tales como balances, mayor, Estado de Resultados y Otros.Te permite generar un reporte del movimiento del efectivo en [&hellip;]<\/p>\n","protected":false},"author":1,"featured_media":0,"parent":0,"menu_order":0,"comment_status":"closed","ping_status":"closed","template":"","meta":{"_et_pb_use_builder":"on","_et_pb_old_content":"","_et_gb_content_width":"","footnotes":""},"class_list":["post-1158","page","type-page","status-publish","hentry"],"yoast_head":"<!-- This site is optimized with the Yoast SEO plugin v26.5 - https:\/\/yoast.com\/wordpress\/plugins\/seo\/ -->\n<title>Modulo de Contabilidad - Secofis<\/title>\n<meta name=\"robots\" content=\"index, follow, max-snippet:-1, max-image-preview:large, max-video-preview:-1\" \/>\n<link rel=\"canonical\" href=\"https:\/\/secofis.com\/sitio\/modulo-de-contabilidad\/\" \/>\n<meta property=\"og:locale\" content=\"es_ES\" \/>\n<meta property=\"og:type\" content=\"article\" \/>\n<meta property=\"og:title\" content=\"Modulo de Contabilidad - Secofis\" \/>\n<meta property=\"og:description\" content=\"Modulo de Contabilidad El m\u00f3dulo de contabilidad est\u00e1 dise\u00f1ado para que puedas personalizarlo en cuanto a la nomenclatura contable. Adem\u00e1s usted solamente tendr\u00e1 que ingresar sus partidas de diario y el sistema le dar\u00e1 todos los reportes tales como balances, mayor, Estado de Resultados y Otros.Te permite generar un reporte del movimiento del efectivo en [&hellip;]\" \/>\n<meta property=\"og:url\" content=\"https:\/\/secofis.com\/sitio\/modulo-de-contabilidad\/\" \/>\n<meta property=\"og:site_name\" content=\"Secofis\" \/>\n<meta property=\"article:modified_time\" content=\"2022-07-17T22:13:24+00:00\" \/>\n<meta name=\"twitter:card\" content=\"summary_large_image\" \/>\n<meta name=\"twitter:label1\" content=\"Tiempo de lectura\" \/>\n\t<meta name=\"twitter:data1\" content=\"9 minutos\" \/>\n<script type=\"application\/ld+json\" class=\"yoast-schema-graph\">{\"@context\":\"https:\/\/schema.org\",\"@graph\":[{\"@type\":\"WebPage\",\"@id\":\"https:\/\/secofis.com\/sitio\/modulo-de-contabilidad\/\",\"url\":\"https:\/\/secofis.com\/sitio\/modulo-de-contabilidad\/\",\"name\":\"Modulo de Contabilidad - Secofis\",\"isPartOf\":{\"@id\":\"https:\/\/secofis.com\/sitio\/#website\"},\"datePublished\":\"2019-10-16T21:45:03+00:00\",\"dateModified\":\"2022-07-17T22:13:24+00:00\",\"breadcrumb\":{\"@id\":\"https:\/\/secofis.com\/sitio\/modulo-de-contabilidad\/#breadcrumb\"},\"inLanguage\":\"es\",\"potentialAction\":[{\"@type\":\"ReadAction\",\"target\":[\"https:\/\/secofis.com\/sitio\/modulo-de-contabilidad\/\"]}]},{\"@type\":\"BreadcrumbList\",\"@id\":\"https:\/\/secofis.com\/sitio\/modulo-de-contabilidad\/#breadcrumb\",\"itemListElement\":[{\"@type\":\"ListItem\",\"position\":1,\"name\":\"Portada\",\"item\":\"https:\/\/secofis.com\/sitio\/\"},{\"@type\":\"ListItem\",\"position\":2,\"name\":\"Modulo de Contabilidad\"}]},{\"@type\":\"WebSite\",\"@id\":\"https:\/\/secofis.com\/sitio\/#website\",\"url\":\"https:\/\/secofis.com\/sitio\/\",\"name\":\"Secofis\",\"description\":\"\",\"potentialAction\":[{\"@type\":\"SearchAction\",\"target\":{\"@type\":\"EntryPoint\",\"urlTemplate\":\"https:\/\/secofis.com\/sitio\/?s={search_term_string}\"},\"query-input\":{\"@type\":\"PropertyValueSpecification\",\"valueRequired\":true,\"valueName\":\"search_term_string\"}}],\"inLanguage\":\"es\"}]}<\/script>\n<!-- \/ Yoast SEO plugin. -->","yoast_head_json":{"title":"Modulo de Contabilidad - Secofis","robots":{"index":"index","follow":"follow","max-snippet":"max-snippet:-1","max-image-preview":"max-image-preview:large","max-video-preview":"max-video-preview:-1"},"canonical":"https:\/\/secofis.com\/sitio\/modulo-de-contabilidad\/","og_locale":"es_ES","og_type":"article","og_title":"Modulo de Contabilidad - Secofis","og_description":"Modulo de Contabilidad El m\u00f3dulo de contabilidad est\u00e1 dise\u00f1ado para que puedas personalizarlo en cuanto a la nomenclatura contable. Adem\u00e1s usted solamente tendr\u00e1 que ingresar sus partidas de diario y el sistema le dar\u00e1 todos los reportes tales como balances, mayor, Estado de Resultados y Otros.Te permite generar un reporte del movimiento del efectivo en [&hellip;]","og_url":"https:\/\/secofis.com\/sitio\/modulo-de-contabilidad\/","og_site_name":"Secofis","article_modified_time":"2022-07-17T22:13:24+00:00","twitter_card":"summary_large_image","twitter_misc":{"Tiempo de lectura":"9 minutos"},"schema":{"@context":"https:\/\/schema.org","@graph":[{"@type":"WebPage","@id":"https:\/\/secofis.com\/sitio\/modulo-de-contabilidad\/","url":"https:\/\/secofis.com\/sitio\/modulo-de-contabilidad\/","name":"Modulo de Contabilidad - Secofis","isPartOf":{"@id":"https:\/\/secofis.com\/sitio\/#website"},"datePublished":"2019-10-16T21:45:03+00:00","dateModified":"2022-07-17T22:13:24+00:00","breadcrumb":{"@id":"https:\/\/secofis.com\/sitio\/modulo-de-contabilidad\/#breadcrumb"},"inLanguage":"es","potentialAction":[{"@type":"ReadAction","target":["https:\/\/secofis.com\/sitio\/modulo-de-contabilidad\/"]}]},{"@type":"BreadcrumbList","@id":"https:\/\/secofis.com\/sitio\/modulo-de-contabilidad\/#breadcrumb","itemListElement":[{"@type":"ListItem","position":1,"name":"Portada","item":"https:\/\/secofis.com\/sitio\/"},{"@type":"ListItem","position":2,"name":"Modulo de Contabilidad"}]},{"@type":"WebSite","@id":"https:\/\/secofis.com\/sitio\/#website","url":"https:\/\/secofis.com\/sitio\/","name":"Secofis","description":"","potentialAction":[{"@type":"SearchAction","target":{"@type":"EntryPoint","urlTemplate":"https:\/\/secofis.com\/sitio\/?s={search_term_string}"},"query-input":{"@type":"PropertyValueSpecification","valueRequired":true,"valueName":"search_term_string"}}],"inLanguage":"es"}]}},"jetpack_sharing_enabled":true,"_links":{"self":[{"href":"https:\/\/secofis.com\/sitio\/wp-json\/wp\/v2\/pages\/1158","targetHints":{"allow":["GET"]}}],"collection":[{"href":"https:\/\/secofis.com\/sitio\/wp-json\/wp\/v2\/pages"}],"about":[{"href":"https:\/\/secofis.com\/sitio\/wp-json\/wp\/v2\/types\/page"}],"author":[{"embeddable":true,"href":"https:\/\/secofis.com\/sitio\/wp-json\/wp\/v2\/users\/1"}],"replies":[{"embeddable":true,"href":"https:\/\/secofis.com\/sitio\/wp-json\/wp\/v2\/comments?post=1158"}],"version-history":[{"count":6,"href":"https:\/\/secofis.com\/sitio\/wp-json\/wp\/v2\/pages\/1158\/revisions"}],"predecessor-version":[{"id":1600,"href":"https:\/\/secofis.com\/sitio\/wp-json\/wp\/v2\/pages\/1158\/revisions\/1600"}],"wp:attachment":[{"href":"https:\/\/secofis.com\/sitio\/wp-json\/wp\/v2\/media?parent=1158"}],"curies":[{"name":"wp","href":"https:\/\/api.w.org\/{rel}","templated":true}]}}